{"id":2440,"date":"2024-03-13T17:20:47","date_gmt":"2024-03-13T17:20:47","guid":{"rendered":"https:\/\/redsafeguard.com.mx\/?page_id=2440"},"modified":"2024-03-19T18:47:14","modified_gmt":"2024-03-19T18:47:14","slug":"nosotros","status":"publish","type":"page","link":"https:\/\/redsafeguard.com.mx\/index.php\/nosotros\/","title":{"rendered":"Nosotros"},"content":{"rendered":"\t\t<div data-elementor-type=\"wp-page\" data-elementor-id=\"2440\" class=\"elementor elementor-2440\">\n\t\t\t\t<div class=\"elementor-element elementor-element-b508f45 e-flex e-con-boxed e-con e-parent\" data-id=\"b508f45\" data-element_type=\"container\">\n\t\t\t\t\t<div class=\"e-con-inner\">\n\t\t<div class=\"elementor-element elementor-element-276432c e-con-full e-flex e-con e-child\" data-id=\"276432c\" data-element_type=\"container\">\n\t\t\t\t<div class=\"elementor-element elementor-element-a6fe274 elementor-widget elementor-widget-spacer\" data-id=\"a6fe274\" data-element_type=\"widget\" data-widget_type=\"spacer.default\">\n\t\t\t\t<div class=\"elementor-widget-container\">\n\t\t\t\t\t\t\t<div class=\"elementor-spacer\">\n\t\t\t<div class=\"elementor-spacer-inner\"><\/div>\n\t\t<\/div>\n\t\t\t\t\t\t<\/div>\n\t\t\t\t<\/div>\n\t\t\t\t<div class=\"elementor-element elementor-element-0f51071 elementor-widget elementor-widget-heading\" data-id=\"0f51071\" data-element_type=\"widget\" data-widget_type=\"heading.default\">\n\t\t\t\t<div class=\"elementor-widget-container\">\n\t\t\t\t\t<h2 class=\"elementor-heading-title elementor-size-default\">\u00bfQui\u00e9nes somos?<\/h2>\t\t\t\t<\/div>\n\t\t\t\t<\/div>\n\t\t\t\t<div class=\"elementor-element elementor-element-974a12f elementor-widget elementor-widget-spacer\" data-id=\"974a12f\" data-element_type=\"widget\" data-widget_type=\"spacer.default\">\n\t\t\t\t<div class=\"elementor-widget-container\">\n\t\t\t\t\t\t\t<div class=\"elementor-spacer\">\n\t\t\t<div class=\"elementor-spacer-inner\"><\/div>\n\t\t<\/div>\n\t\t\t\t\t\t<\/div>\n\t\t\t\t<\/div>\n\t\t\t\t<div class=\"elementor-element elementor-element-cad234d elementor-widget elementor-widget-text-editor\" data-id=\"cad234d\" data-element_type=\"widget\" data-widget_type=\"text-editor.default\">\n\t\t\t\t<div class=\"elementor-widget-container\">\n\t\t\t\t\t\t\t\t\t<p><span class=\"notion-enable-hover\" data-token-index=\"0\">Somos una empresa con ideales fuertes que se dedica a identificar y mitigar los riesgos asociados a la ciberseguridad. Brindamos soluciones innovadoras y personalizadas a empresas, con la persistencia en nuestras pruebas como nuestro sello distintivo. Nuestro objetivo es que nuestros clientes puedan estar seguros junto con su activo m\u00e1s importante, la informaci\u00f3n, y contribuir a un mundo digital m\u00e1s seguro.<\/span><!-- notionvc: 9731b5db-4fb7-4b69-8ca1-0f186bfd752e --><\/p>\t\t\t\t\t\t\t\t<\/div>\n\t\t\t\t<\/div>\n\t\t\t\t<\/div>\n\t\t<div class=\"elementor-element elementor-element-b1b3104 e-con-full e-flex e-con e-child\" data-id=\"b1b3104\" data-element_type=\"container\">\n\t\t\t\t<div class=\"elementor-element elementor-element-d775c72 elementor-widget elementor-widget-image\" data-id=\"d775c72\" data-element_type=\"widget\" data-widget_type=\"image.default\">\n\t\t\t\t<div class=\"elementor-widget-container\">\n\t\t\t\t\t\t\t\t\t\t\t\t\t\t\t<img fetchpriority=\"high\" decoding=\"async\" width=\"585\" height=\"660\" src=\"https:\/\/redsafeguard.com.mx\/wp-content\/uploads\/2023\/12\/about-us-page-right-img.png\" class=\"attachment-large size-large wp-image-1430\" alt=\"\" \/>\t\t\t\t\t\t\t\t\t\t\t\t\t\t\t<\/div>\n\t\t\t\t<\/div>\n\t\t\t\t<\/div>\n\t\t\t\t\t<\/div>\n\t\t\t\t<\/div>\n\t\t<div class=\"elementor-element elementor-element-acbfb62 e-flex e-con-boxed e-con e-parent\" data-id=\"acbfb62\" data-element_type=\"container\">\n\t\t\t\t\t<div class=\"e-con-inner\">\n\t\t<div class=\"elementor-element elementor-element-d11ce9b e-con-full e-flex e-con e-child\" data-id=\"d11ce9b\" data-element_type=\"container\">\n\t\t\t\t<div class=\"elementor-element elementor-element-b99b370 elementor-widget elementor-widget-heading\" data-id=\"b99b370\" data-element_type=\"widget\" data-widget_type=\"heading.default\">\n\t\t\t\t<div class=\"elementor-widget-container\">\n\t\t\t\t\t<h2 class=\"elementor-heading-title elementor-size-default\">Misi\u00f3n<\/h2>\t\t\t\t<\/div>\n\t\t\t\t<\/div>\n\t\t<div class=\"elementor-element elementor-element-4b78131 e-flex e-con-boxed e-con e-child\" data-id=\"4b78131\" data-element_type=\"container\">\n\t\t\t\t\t<div class=\"e-con-inner\">\n\t\t\t\t<div class=\"elementor-element elementor-element-36dca72 elementor-widget elementor-widget-text-editor\" data-id=\"36dca72\" data-element_type=\"widget\" data-widget_type=\"text-editor.default\">\n\t\t\t\t<div class=\"elementor-widget-container\">\n\t\t\t\t\t\t\t\t\t<p><span class=\"notion-enable-hover\" style=\"font-weight: 600;\" data-token-index=\"0\">Proteger la informaci\u00f3n confidencial, los sistemas cr\u00edticos y la infraestructura digital de empresas, brind\u00e1ndoles soluciones de ciberseguridad innovadoras, personalizadas y confiables. Buscamos las vulnerabilidades m\u00e1s complicadas de hallar para que nuestros clientes puedan navegar en el mundo digital con tranquilidad y confianza, y contribuir a un mundo digital m\u00e1s seguro para todos.<\/span><!-- notionvc: 7791e28f-914e-4477-b895-bc21e87e47aa --><\/p>\t\t\t\t\t\t\t\t<\/div>\n\t\t\t\t<\/div>\n\t\t\t\t\t<\/div>\n\t\t\t\t<\/div>\n\t\t\t\t<\/div>\n\t\t<div class=\"elementor-element elementor-element-ad42afa e-con-full e-flex e-con e-child\" data-id=\"ad42afa\" data-element_type=\"container\">\n\t\t<div class=\"elementor-element elementor-element-6dfada2 e-flex e-con-boxed e-con e-child\" data-id=\"6dfada2\" data-element_type=\"container\">\n\t\t\t\t\t<div class=\"e-con-inner\">\n\t\t\t\t<div class=\"elementor-element elementor-element-227bddd elementor-widget elementor-widget-heading\" data-id=\"227bddd\" data-element_type=\"widget\" data-widget_type=\"heading.default\">\n\t\t\t\t<div class=\"elementor-widget-container\">\n\t\t\t\t\t<h2 class=\"elementor-heading-title elementor-size-default\">Visi\u00f3n<\/h2>\t\t\t\t<\/div>\n\t\t\t\t<\/div>\n\t\t\t\t<div class=\"elementor-element elementor-element-7c0b9dc elementor-widget elementor-widget-text-editor\" data-id=\"7c0b9dc\" data-element_type=\"widget\" data-widget_type=\"text-editor.default\">\n\t\t\t\t<div class=\"elementor-widget-container\">\n\t\t\t\t\t\t\t\t\t<p><span class=\"notion-enable-hover\" data-token-index=\"0\">Ser la empresa l\u00edder en ciberseguridad reconocida por su innovaci\u00f3n, excelencia y compromiso con la protecci\u00f3n del mundo digital.<\/span><!-- notionvc: 8869feaf-0c06-4401-8555-413d962f7683 --><\/p>\t\t\t\t\t\t\t\t<\/div>\n\t\t\t\t<\/div>\n\t\t\t\t<div class=\"elementor-element elementor-element-d6f197b elementor-widget elementor-widget-heading\" data-id=\"d6f197b\" data-element_type=\"widget\" data-widget_type=\"heading.default\">\n\t\t\t\t<div class=\"elementor-widget-container\">\n\t\t\t\t\t<h2 class=\"elementor-heading-title elementor-size-default\">Valores<\/h2>\t\t\t\t<\/div>\n\t\t\t\t<\/div>\n\t\t\t\t<div class=\"elementor-element elementor-element-193104b elementor-widget elementor-widget-text-editor\" data-id=\"193104b\" data-element_type=\"widget\" data-widget_type=\"text-editor.default\">\n\t\t\t\t<div class=\"elementor-widget-container\">\n\t\t\t\t\t\t\t\t\t<ul><li>Confiabilidad<\/li><li>Innovadores<\/li><li>Honestidad<\/li><li>Persistencia<\/li><li>Calidad<\/li><\/ul><p><!-- notionvc: 7925862f-af58-42ad-83a8-6283daebb25a --><\/p>\t\t\t\t\t\t\t\t<\/div>\n\t\t\t\t<\/div>\n\t\t\t\t\t<\/div>\n\t\t\t\t<\/div>\n\t\t\t\t<\/div>\n\t\t\t\t\t<\/div>\n\t\t\t\t<\/div>\n\t\t<div class=\"elementor-element elementor-element-4168c7c e-flex e-con-boxed e-con e-parent\" data-id=\"4168c7c\" data-element_type=\"container\">\n\t\t\t\t\t<div class=\"e-con-inner\">\n\t\t\t\t<div class=\"elementor-element elementor-element-60d890f elementor-pagination-position-inside elementor-arrows-position-inside elementor-widget elementor-widget-image-carousel\" data-id=\"60d890f\" data-element_type=\"widget\" data-settings=\"{&quot;image_spacing_custom&quot;:{&quot;unit&quot;:&quot;px&quot;,&quot;size&quot;:13,&quot;sizes&quot;:[]},&quot;navigation&quot;:&quot;both&quot;,&quot;autoplay&quot;:&quot;yes&quot;,&quot;pause_on_hover&quot;:&quot;yes&quot;,&quot;pause_on_interaction&quot;:&quot;yes&quot;,&quot;autoplay_speed&quot;:5000,&quot;infinite&quot;:&quot;yes&quot;,&quot;speed&quot;:500,&quot;image_spacing_custom_tablet&quot;:{&quot;unit&quot;:&quot;px&quot;,&quot;size&quot;:&quot;&quot;,&quot;sizes&quot;:[]},&quot;image_spacing_custom_mobile&quot;:{&quot;unit&quot;:&quot;px&quot;,&quot;size&quot;:&quot;&quot;,&quot;sizes&quot;:[]}}\" data-widget_type=\"image-carousel.default\">\n\t\t\t\t<div class=\"elementor-widget-container\">\n\t\t\t\t\t\t\t<div class=\"elementor-image-carousel-wrapper swiper\" role=\"region\" aria-roledescription=\"carousel\" aria-label=\"Image Carousel\" dir=\"ltr\">\n\t\t\t<div class=\"elementor-image-carousel swiper-wrapper\" aria-live=\"off\">\n\t\t\t\t\t\t\t\t<div class=\"swiper-slide\" role=\"group\" aria-roledescription=\"slide\" aria-label=\"1 of 4\"><figure class=\"swiper-slide-inner\"><img decoding=\"async\" class=\"swiper-slide-image\" src=\"https:\/\/redsafeguard.com.mx\/wp-content\/uploads\/2024\/03\/ai-generated-8051101_1280.jpg\" alt=\"ai-generated-8051101_1280\" \/><\/figure><\/div><div class=\"swiper-slide\" role=\"group\" aria-roledescription=\"slide\" aria-label=\"2 of 4\"><figure class=\"swiper-slide-inner\"><img decoding=\"async\" class=\"swiper-slide-image\" src=\"https:\/\/redsafeguard.com.mx\/wp-content\/uploads\/2024\/03\/ai-generated-8543842_1280.jpg\" alt=\"ai-generated-8543842_1280\" \/><\/figure><\/div><div class=\"swiper-slide\" role=\"group\" aria-roledescription=\"slide\" aria-label=\"3 of 4\"><figure class=\"swiper-slide-inner\"><img decoding=\"async\" class=\"swiper-slide-image\" src=\"https:\/\/redsafeguard.com.mx\/wp-content\/uploads\/2024\/03\/control-center-8004870_1280.jpg\" alt=\"control-center-8004870_1280\" \/><\/figure><\/div><div class=\"swiper-slide\" role=\"group\" aria-roledescription=\"slide\" aria-label=\"4 of 4\"><figure class=\"swiper-slide-inner\"><img decoding=\"async\" class=\"swiper-slide-image\" src=\"https:\/\/redsafeguard.com.mx\/wp-content\/uploads\/2024\/03\/digital-8280790_1280.jpg\" alt=\"digital-8280790_1280\" \/><\/figure><\/div>\t\t\t<\/div>\n\t\t\t\t\t\t\t\t\t\t\t\t<div class=\"elementor-swiper-button elementor-swiper-button-prev\" role=\"button\" tabindex=\"0\">\n\t\t\t\t\t\t<svg aria-hidden=\"true\" class=\"e-font-icon-svg e-eicon-chevron-left\" viewBox=\"0 0 1000 1000\" xmlns=\"http:\/\/www.w3.org\/2000\/svg\"><path d=\"M646 125C629 125 613 133 604 142L308 442C296 454 292 471 292 487 292 504 296 521 308 533L604 854C617 867 629 875 646 875 663 875 679 871 692 858 704 846 713 829 713 812 713 796 708 779 692 767L438 487 692 225C700 217 708 204 708 187 708 171 704 154 692 142 675 129 663 125 646 125Z\"><\/path><\/svg>\t\t\t\t\t<\/div>\n\t\t\t\t\t<div class=\"elementor-swiper-button elementor-swiper-button-next\" role=\"button\" tabindex=\"0\">\n\t\t\t\t\t\t<svg aria-hidden=\"true\" class=\"e-font-icon-svg e-eicon-chevron-right\" viewBox=\"0 0 1000 1000\" xmlns=\"http:\/\/www.w3.org\/2000\/svg\"><path d=\"M696 533C708 521 713 504 713 487 713 471 708 454 696 446L400 146C388 133 375 125 354 125 338 125 325 129 313 142 300 154 292 171 292 187 292 204 296 221 308 233L563 492 304 771C292 783 288 800 288 817 288 833 296 850 308 863 321 871 338 875 354 875 371 875 388 867 400 854L696 533Z\"><\/path><\/svg>\t\t\t\t\t<\/div>\n\t\t\t\t\n\t\t\t\t\t\t\t\t\t<div class=\"swiper-pagination\"><\/div>\n\t\t\t\t\t\t\t\t\t<\/div>\n\t\t\t\t\t\t<\/div>\n\t\t\t\t<\/div>\n\t\t\t\t\t<\/div>\n\t\t\t\t<\/div>\n\t\t\t\t<\/div>\n\t\t","protected":false},"excerpt":{"rendered":"<p>\u00bfQui\u00e9nes somos? Somos una empresa con ideales fuertes que se dedica a identificar y mitigar los riesgos asociados a la ciberseguridad. Brindamos soluciones innovadoras y personalizadas a empresas, con la persistencia en nuestras pruebas como nuestro sello distintivo. Nuestro objetivo es que nuestros clientes puedan estar seguros junto con su activo m\u00e1s importante, la informaci\u00f3n, [&hellip;]<\/p>\n","protected":false},"author":1,"featured_media":0,"parent":0,"menu_order":0,"comment_status":"closed","ping_status":"closed","template":"","meta":{"footnotes":""},"class_list":["post-2440","page","type-page","status-publish","hentry"],"_links":{"self":[{"href":"https:\/\/redsafeguard.com.mx\/index.php\/wp-json\/wp\/v2\/pages\/2440","targetHints":{"allow":["GET"]}}],"collection":[{"href":"https:\/\/redsafeguard.com.mx\/index.php\/wp-json\/wp\/v2\/pages"}],"about":[{"href":"https:\/\/redsafeguard.com.mx\/index.php\/wp-json\/wp\/v2\/types\/page"}],"author":[{"embeddable":true,"href":"https:\/\/redsafeguard.com.mx\/index.php\/wp-json\/wp\/v2\/users\/1"}],"replies":[{"embeddable":true,"href":"https:\/\/redsafeguard.com.mx\/index.php\/wp-json\/wp\/v2\/comments?post=2440"}],"version-history":[{"count":15,"href":"https:\/\/redsafeguard.com.mx\/index.php\/wp-json\/wp\/v2\/pages\/2440\/revisions"}],"predecessor-version":[{"id":2563,"href":"https:\/\/redsafeguard.com.mx\/index.php\/wp-json\/wp\/v2\/pages\/2440\/revisions\/2563"}],"wp:attachment":[{"href":"https:\/\/redsafeguard.com.mx\/index.php\/wp-json\/wp\/v2\/media?parent=2440"}],"curies":[{"name":"wp","href":"https:\/\/api.w.org\/{rel}","templated":true}]}}